{"id":2,"date":"2016-05-10T03:48:21","date_gmt":"2016-05-10T03:48:21","guid":{"rendered":"http:\/\/jcv.de\/?page_id=2"},"modified":"2018-05-25T14:11:08","modified_gmt":"2018-05-25T14:11:08","slug":"sample-page","status":"publish","type":"page","link":"https:\/\/jcv.de\/?page_id=2","title":{"rendered":"Datenschutzhinweis"},"content":{"rendered":"<p>Der Web-Server jcv.de wird\u00a0 von der Strato AG betrieben. Bei jeder Anforderung einer Internetdatei werden folgende Zugriffsdaten gespeichert:<\/p>\n<ol>\n<li>die Seite, von der aus die Datei angefordert wurde<\/li>\n<li>der Name der aufgerufenen Datei<\/li>\n<li>das Datum und die Uhrzeit der Anforderung<\/li>\n<li>die \u00fcbertragene Datenmenge<\/li>\n<li>der Zugriffsstatus (Datei \u00fcbertragen, Datei nicht gefunden, etc.)<\/li>\n<li>die Beschreibung des verwendeten Webbrowsertyps bzw. des verwendeten Betriebssystems<\/li>\n<li>die IP-Adresse des anfordernden Rechners<\/li>\n<\/ol>\n<p>&nbsp;<\/p>\n<p>Die gespeicherten Daten werden ausschlie\u00dflich anonymisiert zu technischen oder statistischen Zwecken verwendet; ein Abgleich mit anderen Datenbest\u00e4nden oder eine Weitergabe an Dritte, auch in Ausz\u00fcgen, findet nicht statt.<\/p>\n","protected":false},"excerpt":{"rendered":"<p>Der Web-Server jcv.de wird\u00a0 von der Strato AG betrieben. Bei jeder Anforderung einer Internetdatei werden folgende Zugriffsdaten gespeichert: die Seite, von der aus die Datei angefordert wurde der Name der aufgerufenen Datei das Datum und die Uhrzeit der Anforderung die \u00fcbertragene Datenmenge der Zugriffsstatus (Datei \u00fcbertragen, Datei nicht gefunden, etc.) die Beschreibung des verwendeten Webbrowsertyps &hellip; <\/p>\n<p class=\"link-more\"><a href=\"https:\/\/jcv.de\/?page_id=2\" class=\"more-link\"><span class=\"screen-reader-text\">\u201eDatenschutzhinweis\u201c<\/span> weiterlesen<\/a><\/p>\n","protected":false},"author":2,"featured_media":0,"parent":0,"menu_order":0,"comment_status":"closed","ping_status":"open","template":"","meta":{"footnotes":""},"class_list":["post-2","page","type-page","status-publish","hentry"],"yoast_head":"<!-- This site is optimized with the Yoast SEO plugin v25.6 - https:\/\/yoast.com\/wordpress\/plugins\/seo\/ -->\n<title>Datenschutzhinweis - JCV\u00b4s Homepage<\/title>\n<meta name=\"robots\" content=\"index, follow, max-snippet:-1, max-image-preview:large, max-video-preview:-1\" \/>\n<link rel=\"canonical\" href=\"https:\/\/jcv.de\/?page_id=2\" \/>\n<meta property=\"og:locale\" content=\"de_DE\" \/>\n<meta property=\"og:type\" content=\"article\" \/>\n<meta property=\"og:title\" content=\"Datenschutzhinweis - JCV\u00b4s Homepage\" \/>\n<meta property=\"og:description\" content=\"Der Web-Server jcv.de wird\u00a0 von der Strato AG betrieben. Bei jeder Anforderung einer Internetdatei werden folgende Zugriffsdaten gespeichert: die Seite, von der aus die Datei angefordert wurde der Name der aufgerufenen Datei das Datum und die Uhrzeit der Anforderung die \u00fcbertragene Datenmenge der Zugriffsstatus (Datei \u00fcbertragen, Datei nicht gefunden, etc.) die Beschreibung des verwendeten Webbrowsertyps &hellip; \u201eDatenschutzhinweis\u201c weiterlesen\" \/>\n<meta property=\"og:url\" content=\"https:\/\/jcv.de\/?page_id=2\" \/>\n<meta property=\"og:site_name\" content=\"JCV\u00b4s Homepage\" \/>\n<meta property=\"article:modified_time\" content=\"2018-05-25T14:11:08+00:00\" \/>\n<meta name=\"twitter:card\" content=\"summary_large_image\" \/>\n<script type=\"application\/ld+json\" class=\"yoast-schema-graph\">{\"@context\":\"https:\/\/schema.org\",\"@graph\":[{\"@type\":\"WebPage\",\"@id\":\"https:\/\/jcv.de\/?page_id=2\",\"url\":\"https:\/\/jcv.de\/?page_id=2\",\"name\":\"Datenschutzhinweis - JCV\u00b4s Homepage\",\"isPartOf\":{\"@id\":\"https:\/\/jcv.de\/#website\"},\"datePublished\":\"2016-05-10T03:48:21+00:00\",\"dateModified\":\"2018-05-25T14:11:08+00:00\",\"breadcrumb\":{\"@id\":\"https:\/\/jcv.de\/?page_id=2#breadcrumb\"},\"inLanguage\":\"de\",\"potentialAction\":[{\"@type\":\"ReadAction\",\"target\":[\"https:\/\/jcv.de\/?page_id=2\"]}]},{\"@type\":\"BreadcrumbList\",\"@id\":\"https:\/\/jcv.de\/?page_id=2#breadcrumb\",\"itemListElement\":[{\"@type\":\"ListItem\",\"position\":1,\"name\":\"Startseite\",\"item\":\"https:\/\/jcv.de\/\"},{\"@type\":\"ListItem\",\"position\":2,\"name\":\"Datenschutzhinweis\"}]},{\"@type\":\"WebSite\",\"@id\":\"https:\/\/jcv.de\/#website\",\"url\":\"https:\/\/jcv.de\/\",\"name\":\"JCV\u00b4s Homepage\",\"description\":\"Welcome\",\"potentialAction\":[{\"@type\":\"SearchAction\",\"target\":{\"@type\":\"EntryPoint\",\"urlTemplate\":\"https:\/\/jcv.de\/?s={search_term_string}\"},\"query-input\":{\"@type\":\"PropertyValueSpecification\",\"valueRequired\":true,\"valueName\":\"search_term_string\"}}],\"inLanguage\":\"de\"}]}<\/script>\n<!-- \/ Yoast SEO plugin. -->","yoast_head_json":{"title":"Datenschutzhinweis - JCV\u00b4s Homepage","robots":{"index":"index","follow":"follow","max-snippet":"max-snippet:-1","max-image-preview":"max-image-preview:large","max-video-preview":"max-video-preview:-1"},"canonical":"https:\/\/jcv.de\/?page_id=2","og_locale":"de_DE","og_type":"article","og_title":"Datenschutzhinweis - JCV\u00b4s Homepage","og_description":"Der Web-Server jcv.de wird\u00a0 von der Strato AG betrieben. Bei jeder Anforderung einer Internetdatei werden folgende Zugriffsdaten gespeichert: die Seite, von der aus die Datei angefordert wurde der Name der aufgerufenen Datei das Datum und die Uhrzeit der Anforderung die \u00fcbertragene Datenmenge der Zugriffsstatus (Datei \u00fcbertragen, Datei nicht gefunden, etc.) die Beschreibung des verwendeten Webbrowsertyps &hellip; \u201eDatenschutzhinweis\u201c weiterlesen","og_url":"https:\/\/jcv.de\/?page_id=2","og_site_name":"JCV\u00b4s Homepage","article_modified_time":"2018-05-25T14:11:08+00:00","twitter_card":"summary_large_image","schema":{"@context":"https:\/\/schema.org","@graph":[{"@type":"WebPage","@id":"https:\/\/jcv.de\/?page_id=2","url":"https:\/\/jcv.de\/?page_id=2","name":"Datenschutzhinweis - JCV\u00b4s Homepage","isPartOf":{"@id":"https:\/\/jcv.de\/#website"},"datePublished":"2016-05-10T03:48:21+00:00","dateModified":"2018-05-25T14:11:08+00:00","breadcrumb":{"@id":"https:\/\/jcv.de\/?page_id=2#breadcrumb"},"inLanguage":"de","potentialAction":[{"@type":"ReadAction","target":["https:\/\/jcv.de\/?page_id=2"]}]},{"@type":"BreadcrumbList","@id":"https:\/\/jcv.de\/?page_id=2#breadcrumb","itemListElement":[{"@type":"ListItem","position":1,"name":"Startseite","item":"https:\/\/jcv.de\/"},{"@type":"ListItem","position":2,"name":"Datenschutzhinweis"}]},{"@type":"WebSite","@id":"https:\/\/jcv.de\/#website","url":"https:\/\/jcv.de\/","name":"JCV\u00b4s Homepage","description":"Welcome","potentialAction":[{"@type":"SearchAction","target":{"@type":"EntryPoint","urlTemplate":"https:\/\/jcv.de\/?s={search_term_string}"},"query-input":{"@type":"PropertyValueSpecification","valueRequired":true,"valueName":"search_term_string"}}],"inLanguage":"de"}]}},"_links":{"self":[{"href":"https:\/\/jcv.de\/index.php?rest_route=\/wp\/v2\/pages\/2"}],"collection":[{"href":"https:\/\/jcv.de\/index.php?rest_route=\/wp\/v2\/pages"}],"about":[{"href":"https:\/\/jcv.de\/index.php?rest_route=\/wp\/v2\/types\/page"}],"author":[{"embeddable":true,"href":"https:\/\/jcv.de\/index.php?rest_route=\/wp\/v2\/users\/2"}],"replies":[{"embeddable":true,"href":"https:\/\/jcv.de\/index.php?rest_route=%2Fwp%2Fv2%2Fcomments&post=2"}],"version-history":[{"count":3,"href":"https:\/\/jcv.de\/index.php?rest_route=\/wp\/v2\/pages\/2\/revisions"}],"predecessor-version":[{"id":14,"href":"https:\/\/jcv.de\/index.php?rest_route=\/wp\/v2\/pages\/2\/revisions\/14"}],"wp:attachment":[{"href":"https:\/\/jcv.de\/index.php?rest_route=%2Fwp%2Fv2%2Fmedia&parent=2"}],"curies":[{"name":"wp","href":"https:\/\/api.w.org\/{rel}","templated":true}]}}